{"id":2650,"date":"2023-12-05T14:17:55","date_gmt":"2023-12-05T14:17:55","guid":{"rendered":"https:\/\/www.salesforce.com\/?page_id=2650"},"modified":"2023-12-05T14:19:24","modified_gmt":"2023-12-05T14:19:24","slug":"homepage","status":"publish","type":"page","link":"https:\/\/www.salesforce.com\/es\/blog\/","title":{"rendered":"Homepage"},"content":{"rendered":"","protected":false},"excerpt":{"rendered":"","protected":false},"author":1,"featured_media":0,"parent":0,"menu_order":0,"comment_status":"closed","ping_status":"closed","template":"","meta":{"sf_justforyou_enable_alt":true,"optimizely_content_id":"","post_meta_title":"","ai_synopsis":"","sf_show_ornamental_image":"","sf_ornamental_image_id":0,"sf_hub":false,"sf_hub_cta":[],"footnotes":""},"sf_topic":[],"blog":[],"coauthors":[118],"class_list":["post-2650","page","type-page","status-publish","hentry"],"yoast_head":"<!-- This site is optimized with the Yoast SEO Premium plugin v27.2 (Yoast SEO v27.2) - https:\/\/yoast.com\/product\/yoast-seo-premium-wordpress\/ -->\n<title>Tendencias y novedades en CRM, Transformaci\u00f3n Digital e Innovaci\u00f3n - Salesforce Blog Espa\u00f1a<\/title>\n<meta name=\"description\" content=\"Art\u00edculos, noticias sobre ventas, servicio al cliente, marketing y comercio electr\u00f3nico. Descubre qu\u00e9 tendencias traer\u00e1 la innovaci\u00f3n y la transformaci\u00f3n digital de la mano del l\u00edder global de CRM y Cloud Computing.\" \/>\n<meta name=\"robots\" content=\"index, follow, max-snippet:-1, max-image-preview:large, max-video-preview:-1\" \/>\n<link rel=\"canonical\" href=\"https:\/\/www.salesforce.com\/es\/blog\/\" \/>\n<meta property=\"og:locale\" content=\"es_ES\" \/>\n<meta property=\"og:type\" content=\"article\" \/>\n<meta property=\"og:title\" content=\"Homepage\" \/>\n<meta property=\"og:url\" content=\"https:\/\/www.salesforce.com\/es\/blog\/\" \/>\n<meta property=\"og:site_name\" content=\"Salesforce\" \/>\n<meta property=\"article:modified_time\" content=\"2023-12-05T14:19:24+00:00\" \/>\n<meta property=\"og:image\" content=\"https:\/\/www.salesforce.com\/es\/blog\/wp-content\/uploads\/sites\/13\/2023\/12\/Salesforce-logo.jpg\" \/>\n\t<meta property=\"og:image:width\" content=\"4000\" \/>\n\t<meta property=\"og:image:height\" content=\"2250\" \/>\n\t<meta property=\"og:image:type\" content=\"image\/jpeg\" \/>\n<meta name=\"twitter:card\" content=\"summary_large_image\" \/>\n<meta name=\"twitter:label1\" content=\"Written by\" \/>\n\t<meta name=\"twitter:data1\" content=\"Salesforce Espa\u00f1a\" \/>\n<script type=\"application\/ld+json\" class=\"yoast-schema-graph\">{\"@context\":\"https:\/\/schema.org\",\"@graph\":[{\"@type\":\"WebPage\",\"@id\":\"https:\/\/www.salesforce.com\/es\/blog\/\",\"url\":\"https:\/\/www.salesforce.com\/es\/blog\/\",\"name\":\"Tendencias y novedades en CRM, Transformaci\u00f3n Digital e Innovaci\u00f3n - Salesforce Blog Espa\u00f1a\",\"isPartOf\":{\"@id\":\"https:\/\/www.salesforce.com\/es\/blog\/#website\"},\"datePublished\":\"2023-12-05T14:17:55+00:00\",\"dateModified\":\"2023-12-05T14:19:24+00:00\",\"description\":\"Art\u00edculos, noticias sobre ventas, servicio al cliente, marketing y comercio electr\u00f3nico. Descubre qu\u00e9 tendencias traer\u00e1 la innovaci\u00f3n y la transformaci\u00f3n digital de la mano del l\u00edder global de CRM y Cloud Computing.\",\"breadcrumb\":{\"@id\":\"https:\/\/www.salesforce.com\/es\/blog\/#breadcrumb\"},\"inLanguage\":\"es\",\"potentialAction\":[{\"@type\":\"ReadAction\",\"target\":[\"https:\/\/www.salesforce.com\/es\/blog\/\"]}]},{\"@type\":\"BreadcrumbList\",\"@id\":\"https:\/\/www.salesforce.com\/es\/blog\/#breadcrumb\",\"itemListElement\":[{\"@type\":\"ListItem\",\"position\":1,\"name\":\"Home\",\"item\":\"https:\/\/www.salesforce.com\/es\/blog\/\"},{\"@type\":\"ListItem\",\"position\":2,\"name\":\"Homepage\"}]},{\"@type\":\"WebSite\",\"@id\":\"https:\/\/www.salesforce.com\/es\/blog\/#website\",\"url\":\"https:\/\/www.salesforce.com\/es\/blog\/\",\"name\":\"Salesforce\",\"description\":\"\",\"potentialAction\":[{\"@type\":\"SearchAction\",\"target\":{\"@type\":\"EntryPoint\",\"urlTemplate\":\"https:\/\/www.salesforce.com\/es\/blog\/?s={search_term_string}\"},\"query-input\":{\"@type\":\"PropertyValueSpecification\",\"valueRequired\":true,\"valueName\":\"search_term_string\"}}],\"inLanguage\":\"es\"}]}<\/script>\n<!-- \/ Yoast SEO Premium plugin. -->","yoast_head_json":{"title":"Tendencias y novedades en CRM, Transformaci\u00f3n Digital e Innovaci\u00f3n - Salesforce Blog Espa\u00f1a","description":"Art\u00edculos, noticias sobre ventas, servicio al cliente, marketing y comercio electr\u00f3nico. Descubre qu\u00e9 tendencias traer\u00e1 la innovaci\u00f3n y la transformaci\u00f3n digital de la mano del l\u00edder global de CRM y Cloud Computing.","robots":{"index":"index","follow":"follow","max-snippet":"max-snippet:-1","max-image-preview":"max-image-preview:large","max-video-preview":"max-video-preview:-1"},"canonical":"https:\/\/www.salesforce.com\/es\/blog\/","og_locale":"es_ES","og_type":"article","og_title":"Homepage","og_url":"https:\/\/www.salesforce.com\/es\/blog\/","og_site_name":"Salesforce","article_modified_time":"2023-12-05T14:19:24+00:00","og_image":[{"width":4000,"height":2250,"url":"https:\/\/www.salesforce.com\/es\/blog\/wp-content\/uploads\/sites\/13\/2023\/12\/Salesforce-logo.jpg","type":"image\/jpeg"}],"twitter_card":"summary_large_image","twitter_misc":{"Written by":"Salesforce Espa\u00f1a"},"schema":{"@context":"https:\/\/schema.org","@graph":[{"@type":"WebPage","@id":"https:\/\/www.salesforce.com\/es\/blog\/","url":"https:\/\/www.salesforce.com\/es\/blog\/","name":"Tendencias y novedades en CRM, Transformaci\u00f3n Digital e Innovaci\u00f3n - Salesforce Blog Espa\u00f1a","isPartOf":{"@id":"https:\/\/www.salesforce.com\/es\/blog\/#website"},"datePublished":"2023-12-05T14:17:55+00:00","dateModified":"2023-12-05T14:19:24+00:00","description":"Art\u00edculos, noticias sobre ventas, servicio al cliente, marketing y comercio electr\u00f3nico. Descubre qu\u00e9 tendencias traer\u00e1 la innovaci\u00f3n y la transformaci\u00f3n digital de la mano del l\u00edder global de CRM y Cloud Computing.","breadcrumb":{"@id":"https:\/\/www.salesforce.com\/es\/blog\/#breadcrumb"},"inLanguage":"es","potentialAction":[{"@type":"ReadAction","target":["https:\/\/www.salesforce.com\/es\/blog\/"]}]},{"@type":"BreadcrumbList","@id":"https:\/\/www.salesforce.com\/es\/blog\/#breadcrumb","itemListElement":[{"@type":"ListItem","position":1,"name":"Home","item":"https:\/\/www.salesforce.com\/es\/blog\/"},{"@type":"ListItem","position":2,"name":"Homepage"}]},{"@type":"WebSite","@id":"https:\/\/www.salesforce.com\/es\/blog\/#website","url":"https:\/\/www.salesforce.com\/es\/blog\/","name":"Salesforce","description":"","potentialAction":[{"@type":"SearchAction","target":{"@type":"EntryPoint","urlTemplate":"https:\/\/www.salesforce.com\/es\/blog\/?s={search_term_string}"},"query-input":{"@type":"PropertyValueSpecification","valueRequired":true,"valueName":"search_term_string"}}],"inLanguage":"es"}]}},"jetpack_sharing_enabled":true,"distributor_meta":false,"distributor_terms":false,"distributor_media":false,"distributor_original_site_name":"Salesforce","distributor_original_site_url":"https:\/\/www.salesforce.com\/es\/blog","push-errors":false,"_links":{"self":[{"href":"https:\/\/www.salesforce.com\/es\/blog\/wp-json\/wp\/v2\/pages\/2650","targetHints":{"allow":["GET"]}}],"collection":[{"href":"https:\/\/www.salesforce.com\/es\/blog\/wp-json\/wp\/v2\/pages"}],"about":[{"href":"https:\/\/www.salesforce.com\/es\/blog\/wp-json\/wp\/v2\/types\/page"}],"author":[{"embeddable":true,"href":"https:\/\/www.salesforce.com\/es\/blog\/wp-json\/wp\/v2\/users\/1"}],"replies":[{"embeddable":true,"href":"https:\/\/www.salesforce.com\/es\/blog\/wp-json\/wp\/v2\/comments?post=2650"}],"version-history":[{"count":1,"href":"https:\/\/www.salesforce.com\/es\/blog\/wp-json\/wp\/v2\/pages\/2650\/revisions"}],"predecessor-version":[{"id":2652,"href":"https:\/\/www.salesforce.com\/es\/blog\/wp-json\/wp\/v2\/pages\/2650\/revisions\/2652"}],"wp:attachment":[{"href":"https:\/\/www.salesforce.com\/es\/blog\/wp-json\/wp\/v2\/media?parent=2650"}],"wp:term":[{"taxonomy":"sf_topic","embeddable":true,"href":"https:\/\/www.salesforce.com\/es\/blog\/wp-json\/wp\/v2\/sf_topic?post=2650"},{"taxonomy":"blog","embeddable":true,"href":"https:\/\/www.salesforce.com\/es\/blog\/wp-json\/wp\/v2\/blog?post=2650"},{"taxonomy":"author","embeddable":true,"href":"https:\/\/www.salesforce.com\/es\/blog\/wp-json\/wp\/v2\/coauthors?post=2650"}],"curies":[{"name":"wp","href":"https:\/\/api.w.org\/{rel}","templated":true}]}}