{"id":531,"date":"2025-02-03T18:46:28","date_gmt":"2025-02-03T18:46:28","guid":{"rendered":"https:\/\/www.salesforce.com\/?page_id=531"},"modified":"2026-04-17T17:11:45","modified_gmt":"2026-04-17T15:11:45","slug":"front-page","status":"publish","type":"page","link":"https:\/\/www.salesforce.com\/es\/news\/","title":{"rendered":"Front Page"},"content":{"rendered":"\n<a\n\t\t\thref=\"https:\/\/www.salesforce.com\/es\/news\/press-releases\/2026\/04\/16\/mas-de-3-500-profesionales-se-dan-cita-en-agentforce-world-tour-madrid-la-mayor-exhibicion-de-ia-agentica-en-espana\/\"\n\t\tclass=\"sf-card -author-hidden\"\n\taria-label=\"M\u00e1s de 3.500 profesionales se dan cita en Agentforce World Tour Madrid: la mayor exhibici\u00f3n de IA ag\u00e9ntica en Espa\u00f1a\"\n\t\t>\n\t<article\n\t\titemscope=\"\"\n\t\titemtype=\"https:\/\/schema.org\/Article\"\n\t\tdata-card-id=\"1673\"\n\t\tclass=\"card__article card--jumbotron card--variation-full-width\"\n\t>\n\t\t\n\n\t\t\t\t\t<div class=\"card__ornamental-wrapper\">\n\t\t\t\t<div class=\"card__image\" itemprop=\"image\" itemscope itemtype=\"https:\/\/schema.org\/ImageObject\">\n\t\t\t\t\t<img decoding=\"async\" src=\"https:\/\/www.salesforce.com\/es\/news\/wp-content\/uploads\/sites\/26\/2026\/04\/EA16842.jpg?w=300\" srcset=\"https:\/\/www.salesforce.com\/es\/news\/wp-content\/uploads\/sites\/26\/2026\/04\/EA16842.jpg 5616w, https:\/\/www.salesforce.com\/es\/news\/wp-content\/uploads\/sites\/26\/2026\/04\/EA16842.jpg?w=300&amp;h=200 300w, https:\/\/www.salesforce.com\/es\/news\/wp-content\/uploads\/sites\/26\/2026\/04\/EA16842.jpg?w=768&amp;h=512 768w, https:\/\/www.salesforce.com\/es\/news\/wp-content\/uploads\/sites\/26\/2026\/04\/EA16842.jpg?w=1024&amp;h=683 1024w, https:\/\/www.salesforce.com\/es\/news\/wp-content\/uploads\/sites\/26\/2026\/04\/EA16842.jpg?w=1536&amp;h=1024 1536w, https:\/\/www.salesforce.com\/es\/news\/wp-content\/uploads\/sites\/26\/2026\/04\/EA16842.jpg?w=2048&amp;h=1365 2048w, https:\/\/www.salesforce.com\/es\/news\/wp-content\/uploads\/sites\/26\/2026\/04\/EA16842.jpg?w=264&amp;h=176 264w, https:\/\/www.salesforce.com\/es\/news\/wp-content\/uploads\/sites\/26\/2026\/04\/EA16842.jpg?w=500&amp;h=333 500w, https:\/\/www.salesforce.com\/es\/news\/wp-content\/uploads\/sites\/26\/2026\/04\/EA16842.jpg?w=678&amp;h=452 678w, https:\/\/www.salesforce.com\/es\/news\/wp-content\/uploads\/sites\/26\/2026\/04\/EA16842.jpg?w=150&amp;h=100 150w, https:\/\/www.salesforce.com\/es\/news\/wp-content\/uploads\/sites\/26\/2026\/04\/EA16842.jpg?w=290&amp;h=193 290w, https:\/\/www.salesforce.com\/es\/news\/wp-content\/uploads\/sites\/26\/2026\/04\/EA16842.jpg?w=1218&amp;h=812 1218w\" sizes=\"100vw\" alt=\"Agentforce World Tour Madrid\" class=\"\" \/>\t\t\t\t<\/div>\n\t\t\t\t\t\t\t\t\t<div class=\"card__ornament card__ornament--bg\">\n\t\t\t\t\t\t<img decoding=\"async\" src=\"https:\/\/www.salesforce.com\/es\/news\/wp-content\/uploads\/sites\/26\/2025\/03\/background-8.webp?w=300\" srcset=\"https:\/\/www.salesforce.com\/es\/news\/wp-content\/uploads\/sites\/26\/2025\/03\/background-8.webp 862w, https:\/\/www.salesforce.com\/es\/news\/wp-content\/uploads\/sites\/26\/2025\/03\/background-8.webp?w=300&amp;h=236 300w, https:\/\/www.salesforce.com\/es\/news\/wp-content\/uploads\/sites\/26\/2025\/03\/background-8.webp?w=768&amp;h=603 768w, https:\/\/www.salesforce.com\/es\/news\/wp-content\/uploads\/sites\/26\/2025\/03\/background-8.webp?w=264&amp;h=207 264w, https:\/\/www.salesforce.com\/es\/news\/wp-content\/uploads\/sites\/26\/2025\/03\/background-8.webp?w=465&amp;h=365 465w, https:\/\/www.salesforce.com\/es\/news\/wp-content\/uploads\/sites\/26\/2025\/03\/background-8.webp?w=678&amp;h=532 678w, https:\/\/www.salesforce.com\/es\/news\/wp-content\/uploads\/sites\/26\/2025\/03\/background-8.webp?w=150&amp;h=118 150w, https:\/\/www.salesforce.com\/es\/news\/wp-content\/uploads\/sites\/26\/2025\/03\/background-8.webp?w=246&amp;h=193 246w\" sizes=\"100vw\" alt=\"background-8\" class=\"\" \/>\t\t\t\t\t<\/div>\n\t\t\t\t\n\t\t\t\t\t\t\t<\/div>\n\t\t\n\t\t<header class=\"card__content\">\n\t\t\t\t\t\t<div class=\"card__header-details\">\n\t\t\t\t\t\t\t\t\t<p itemprop=\"category\" class=\"card__category sf-tag sf-tag--salesforce-events\">\n\t\t\t\t\t\tEventos de Salesforce\t\t\t\t\t<\/p>\n\t\t\t\t\n\t\t\t\t\n\t\t\t\t\t\t\t\t\t<h2 itemprop=\"headline\" class=\"card__headline\">\n\t\t\t\t\n\t\t\t\tM\u00e1s de 3.500 profesionales se dan cita en Agentforce World Tour Madrid: la mayor exhibici\u00f3n de IA ag\u00e9ntica en Espa\u00f1a\n<svg xmlns=\"http:\/\/www.w3.org\/2000\/svg\" width=\"13\" height=\"13\" viewBox=\"0 0 13 13\" fill=\"none\" aria-hidden=\"true\">\n<path d=\"M7.125 5.37891L11.5 1.00391M11.5 1.00391H8.58333M11.5 1.00391V3.92057M11.5 7.42057V10.3372C11.5 10.6467 11.3771 10.9434 11.1583 11.1622C10.9395 11.381 10.6428 11.5039 10.3333 11.5039H2.16667C1.85725 11.5039 1.5605 11.381 1.34171 11.1622C1.12292 10.9434 1 10.6467 1 10.3372V2.17057C1 1.86115 1.12292 1.56441 1.34171 1.34561C1.5605 1.12682 1.85725 1.00391 2.16667 1.00391H5.08333\" stroke=\"#042D60\" stroke-width=\"2\" \/>\n<\/svg>\n\n\t\t\t\t\t\t\t\t\t<\/h2>\n\t\t\t\t\n\t\t\t\t\t\t\t<\/div>\n\n\t\t\t\n\t\t\t\n\t\t\t\t\t<\/header>\n\t<\/article>\n<\/a>\n","protected":false},"excerpt":{"rendered":"","protected":false},"author":467,"featured_media":1674,"parent":0,"menu_order":0,"comment_status":"closed","ping_status":"closed","template":"templates\/page-news-explorer.php","meta":{"sf_subhead":"","sf_i18n_disclaimer":false,"footnotes":""},"sf_topic":[],"coauthors":[278],"class_list":["post-531","page","type-page","status-publish","has-post-thumbnail","hentry"],"yoast_head":"<!-- This site is optimized with the Yoast SEO Premium plugin v27.2 (Yoast SEO v27.2) - https:\/\/yoast.com\/product\/yoast-seo-premium-wordpress\/ -->\n<title>Front Page - Salesforce<\/title>\n<meta name=\"robots\" content=\"noindex, follow, max-snippet:-1, max-image-preview:large, max-video-preview:-1\" \/>\n<meta property=\"og:locale\" content=\"es_ES\" \/>\n<meta property=\"og:type\" content=\"article\" \/>\n<meta property=\"og:title\" content=\"Front Page\" \/>\n<meta property=\"og:url\" content=\"https:\/\/www.salesforce.com\/es\/news\/\" \/>\n<meta property=\"og:site_name\" content=\"Salesforce\" \/>\n<meta property=\"article:modified_time\" content=\"2026-04-17T15:11:45+00:00\" \/>\n<meta name=\"twitter:card\" content=\"summary_large_image\" \/>\n<meta name=\"twitter:image\" content=\"https:\/\/www.salesforce.com\/es\/news\/wp-content\/uploads\/sites\/26\/2026\/04\/EA16842.jpg\" \/>\n<meta name=\"twitter:label1\" content=\"Tiempo de lectura\" \/>\n\t<meta name=\"twitter:data1\" content=\"1 minuto\" \/>\n\t<meta name=\"twitter:label2\" content=\"Written by\" \/>\n\t<meta name=\"twitter:data2\" content=\"Salesforce Newsroom\" \/>\n<script type=\"application\/ld+json\" class=\"yoast-schema-graph\">{\"@context\":\"https:\/\/schema.org\",\"@graph\":[{\"@type\":\"WebPage\",\"@id\":\"https:\/\/www.salesforce.com\/es\/news\/\",\"url\":\"https:\/\/www.salesforce.com\/es\/news\/\",\"name\":\"Front Page - Salesforce\",\"isPartOf\":{\"@id\":\"https:\/\/www.salesforce.com\/es\/news\/#website\"},\"primaryImageOfPage\":{\"@id\":\"https:\/\/www.salesforce.com\/es\/news\/#primaryimage\"},\"image\":{\"@id\":\"https:\/\/www.salesforce.com\/es\/news\/#primaryimage\"},\"thumbnailUrl\":\"https:\/\/www.salesforce.com\/es\/news\/wp-content\/uploads\/sites\/26\/2026\/04\/EA16842.jpg\",\"datePublished\":\"2025-02-03T18:46:28+00:00\",\"dateModified\":\"2026-04-17T15:11:45+00:00\",\"breadcrumb\":{\"@id\":\"https:\/\/www.salesforce.com\/es\/news\/#breadcrumb\"},\"inLanguage\":\"es\",\"potentialAction\":[{\"@type\":\"ReadAction\",\"target\":[\"https:\/\/www.salesforce.com\/es\/news\/\"]}]},{\"@type\":\"ImageObject\",\"inLanguage\":\"es\",\"@id\":\"https:\/\/www.salesforce.com\/es\/news\/#primaryimage\",\"url\":\"https:\/\/www.salesforce.com\/es\/news\/wp-content\/uploads\/sites\/26\/2026\/04\/EA16842.jpg\",\"contentUrl\":\"https:\/\/www.salesforce.com\/es\/news\/wp-content\/uploads\/sites\/26\/2026\/04\/EA16842.jpg\",\"width\":5616,\"height\":3744,\"caption\":\"Agentforce World Tour Madrid\"},{\"@type\":\"BreadcrumbList\",\"@id\":\"https:\/\/www.salesforce.com\/es\/news\/#breadcrumb\",\"itemListElement\":[{\"@type\":\"ListItem\",\"position\":1,\"name\":\"Home\",\"item\":\"https:\/\/www.salesforce.com\/es\/news\/\"},{\"@type\":\"ListItem\",\"position\":2,\"name\":\"Front Page\"}]},{\"@type\":\"WebSite\",\"@id\":\"https:\/\/www.salesforce.com\/es\/news\/#website\",\"url\":\"https:\/\/www.salesforce.com\/es\/news\/\",\"name\":\"Salesforce\",\"description\":\"\",\"potentialAction\":[{\"@type\":\"SearchAction\",\"target\":{\"@type\":\"EntryPoint\",\"urlTemplate\":\"https:\/\/www.salesforce.com\/es\/news\/?s={search_term_string}\"},\"query-input\":{\"@type\":\"PropertyValueSpecification\",\"valueRequired\":true,\"valueName\":\"search_term_string\"}}],\"inLanguage\":\"es\"}]}<\/script>\n<!-- \/ Yoast SEO Premium plugin. -->","yoast_head_json":{"title":"Front Page - Salesforce","robots":{"index":"noindex","follow":"follow","max-snippet":"max-snippet:-1","max-image-preview":"max-image-preview:large","max-video-preview":"max-video-preview:-1"},"og_locale":"es_ES","og_type":"article","og_title":"Front Page","og_url":"https:\/\/www.salesforce.com\/es\/news\/","og_site_name":"Salesforce","article_modified_time":"2026-04-17T15:11:45+00:00","twitter_card":"summary_large_image","twitter_image":"https:\/\/www.salesforce.com\/es\/news\/wp-content\/uploads\/sites\/26\/2026\/04\/EA16842.jpg","twitter_misc":{"Tiempo de lectura":"1 minuto","Written by":"Salesforce Newsroom"},"schema":{"@context":"https:\/\/schema.org","@graph":[{"@type":"WebPage","@id":"https:\/\/www.salesforce.com\/es\/news\/","url":"https:\/\/www.salesforce.com\/es\/news\/","name":"Front Page - Salesforce","isPartOf":{"@id":"https:\/\/www.salesforce.com\/es\/news\/#website"},"primaryImageOfPage":{"@id":"https:\/\/www.salesforce.com\/es\/news\/#primaryimage"},"image":{"@id":"https:\/\/www.salesforce.com\/es\/news\/#primaryimage"},"thumbnailUrl":"https:\/\/www.salesforce.com\/es\/news\/wp-content\/uploads\/sites\/26\/2026\/04\/EA16842.jpg","datePublished":"2025-02-03T18:46:28+00:00","dateModified":"2026-04-17T15:11:45+00:00","breadcrumb":{"@id":"https:\/\/www.salesforce.com\/es\/news\/#breadcrumb"},"inLanguage":"es","potentialAction":[{"@type":"ReadAction","target":["https:\/\/www.salesforce.com\/es\/news\/"]}]},{"@type":"ImageObject","inLanguage":"es","@id":"https:\/\/www.salesforce.com\/es\/news\/#primaryimage","url":"https:\/\/www.salesforce.com\/es\/news\/wp-content\/uploads\/sites\/26\/2026\/04\/EA16842.jpg","contentUrl":"https:\/\/www.salesforce.com\/es\/news\/wp-content\/uploads\/sites\/26\/2026\/04\/EA16842.jpg","width":5616,"height":3744,"caption":"Agentforce World Tour Madrid"},{"@type":"BreadcrumbList","@id":"https:\/\/www.salesforce.com\/es\/news\/#breadcrumb","itemListElement":[{"@type":"ListItem","position":1,"name":"Home","item":"https:\/\/www.salesforce.com\/es\/news\/"},{"@type":"ListItem","position":2,"name":"Front Page"}]},{"@type":"WebSite","@id":"https:\/\/www.salesforce.com\/es\/news\/#website","url":"https:\/\/www.salesforce.com\/es\/news\/","name":"Salesforce","description":"","potentialAction":[{"@type":"SearchAction","target":{"@type":"EntryPoint","urlTemplate":"https:\/\/www.salesforce.com\/es\/news\/?s={search_term_string}"},"query-input":{"@type":"PropertyValueSpecification","valueRequired":true,"valueName":"search_term_string"}}],"inLanguage":"es"}]}},"jetpack_sharing_enabled":true,"distributor_meta":false,"distributor_terms":false,"distributor_media":false,"distributor_original_site_name":"Salesforce","distributor_original_site_url":"https:\/\/www.salesforce.com\/es\/news","push-errors":false,"_links":{"self":[{"href":"https:\/\/www.salesforce.com\/es\/news\/wp-json\/wp\/v2\/pages\/531","targetHints":{"allow":["GET"]}}],"collection":[{"href":"https:\/\/www.salesforce.com\/es\/news\/wp-json\/wp\/v2\/pages"}],"about":[{"href":"https:\/\/www.salesforce.com\/es\/news\/wp-json\/wp\/v2\/types\/page"}],"author":[{"embeddable":true,"href":"https:\/\/www.salesforce.com\/es\/news\/wp-json\/wp\/v2\/users\/467"}],"replies":[{"embeddable":true,"href":"https:\/\/www.salesforce.com\/es\/news\/wp-json\/wp\/v2\/comments?post=531"}],"version-history":[{"count":13,"href":"https:\/\/www.salesforce.com\/es\/news\/wp-json\/wp\/v2\/pages\/531\/revisions"}],"predecessor-version":[{"id":1682,"href":"https:\/\/www.salesforce.com\/es\/news\/wp-json\/wp\/v2\/pages\/531\/revisions\/1682"}],"wp:featuredmedia":[{"embeddable":true,"href":"https:\/\/www.salesforce.com\/es\/news\/wp-json\/wp\/v2\/media\/1674"}],"wp:attachment":[{"href":"https:\/\/www.salesforce.com\/es\/news\/wp-json\/wp\/v2\/media?parent=531"}],"wp:term":[{"taxonomy":"sf_topic","embeddable":true,"href":"https:\/\/www.salesforce.com\/es\/news\/wp-json\/wp\/v2\/sf_topic?post=531"},{"taxonomy":"author","embeddable":true,"href":"https:\/\/www.salesforce.com\/es\/news\/wp-json\/wp\/v2\/coauthors?post=531"}],"curies":[{"name":"wp","href":"https:\/\/api.w.org\/{rel}","templated":true}]}}