{"id":1475,"date":"2024-12-17T14:03:24","date_gmt":"2024-12-17T14:03:24","guid":{"rendered":"https:\/\/www.salesforce.com\/?page_id=1475"},"modified":"2025-01-02T16:15:22","modified_gmt":"2025-01-02T16:15:22","slug":"news-explorer","status":"publish","type":"page","link":"https:\/\/www.salesforce.com\/fr\/news\/news-explorer\/","title":{"rendered":"Explorateur de nouvelles"},"content":{"rendered":"\t<div class=\"wp-block-group-container wp-block-group-container--has-background-image news-explorer-header alignfull\">\n\t\t\t\t\t<div class=\"wp-block-group-container__background-image-container\">\n\t\t\t\t\t\t\t\t\t<img decoding=\"async\" src=\"https:\/\/www.salesforce.com\/fr\/news\/wp-content\/themes\/newsroom\/dist\/images\/bg-news-explorer-header.png\" alt=\"\" class=\"wp-block-group-container__background-image wp-block-group-container__background-image--desktop\" \/>\n\t\t\t\t\t\t\t\t\t\t\t\t\t<img decoding=\"async\" src=\"https:\/\/www.salesforce.com\/fr\/news\/wp-content\/themes\/newsroom\/dist\/images\/bg-news-explorer-header-mobile.png\" alt=\"\" class=\"wp-block-group-container__background-image wp-block-group-container__background-image--mobile\" \/>\n\t\t\t\t\t\t\t<\/div>\n\t\t\t\t\n<header class=\"wp-block-group  \"><div class=\"wp-block-group__inner-container is-layout-constrained wp-block-group-is-layout-constrained\">\n<h1 class=\"wp-block-heading\" id=\"h-decouvrez-les-actualites-et-la-presse-de-salesforce\">D&eacute;couvrez les actualit&eacute;s et la presse de Salesforce<\/h1>\n\n\n\n<p>Parcourez toutes les actualit&eacute;s, recherches, informations et histoires sur la salle de presse Salesforce.<\/p>\n\n\n\n<div class=\"search-filter wp-block-newsroom-search-filter\">\n\t<button id=\"js-filters-toggle\" class=\"search-filter__toggle btn btn--action\" aria-label=\"Changer de filtre de recherche\">\n\t\t<svg viewbox=\"0 0 30 30\" fill=\"none\" xmlns=\"http:\/\/www.w3.org\/2000\/svg\"><path d=\"M27.938 30H2.062A2.069 2.069 0 010 27.938V2.062C0 .928.928 0 2.062 0h25.876C29.072 0 30 .928 30 2.062v25.876A2.069 2.069 0 0127.938 30zM24.28 10.36H22.03a3.085 3.085 0 00-2.904-2.063 3.085 3.085 0 00-2.905 2.063H5.72v2.062h10.5a3.082 3.082 0 002.905 2.062 3.082 3.082 0 002.904-2.062h2.251V10.36zm0 7.218h-9.47a3.085 3.085 0 00-2.903-2.062 3.085 3.085 0 00-2.905 2.062H5.72v2.062h3.282a3.084 3.084 0 002.905 2.063 3.085 3.085 0 002.904-2.063h9.47v-2.062z\" fill=\"currentColor\"><\/path><\/svg>\n\t\tChanger de filtre\t<\/button>\n\n\t<form class=\"search-filter__form box box--highlight box__content-container\n\t\t\t\t\" role=\"search\" method=\"get\" action=\"https:\/\/www.salesforce.com\/fr\/news\/news-explorer\/\">\n\t\t\t\t<div class=\"search-filter__field search-filter__field--query\">\n\t\t\t<label for=\"filter-q\" class=\"screen-reader-text\">Terme de recherche<\/label>\n\t\t\t<input type=\"search\" name=\"q\" class=\"search-filter__input\" placeholder=\"Rechercher dans toutes les actualit&eacute;s\" id=\"filter-q\" value=\"\">\n\t\t\t<button type=\"submit\" class=\"search-filter__submit\">\n\t\t\t\t<span class=\"screen-reader-text\">Recherche<\/span>\n\t\t\t<\/button>\n\t\t<\/div>\n\n\t\t<div class=\"search-filter__field\">\n\t\t\t<label class=\"search-filter__label\">Filtrer par:<\/label>\n\t\t<\/div>\n\n\t\t<div class=\"search-filter__field\">\n\t\t\t<div class=\"select-wrapper\">\n\t\t\t\t<label for=\"filter-topic\" class=\"screen-reader-text\">Filtrer par th&egrave;me<\/label>\n\t\t\t\t<div class=\"select-wrapper\">\n\t<label for=\"filters-sf_topic\" class=\"screen-reader-text\">\n\t\tTh&egrave;me\t<\/label>\n\t<select name=\"topic\" id=\"filters-sf_topic\" class=\"newsroom-taxonomy-dropdown\">\n\t\t<option value=\"\">Tous les Sujets<\/option>\n\t\t\t\t\t<option value=\"company-news\">\n\t\t\t\tActualit&eacute;s de l&rsquo;entreprise\t\t\t<\/option>\n\t\t\t\t\t<option value=\"agentic-enterprise\">\n\t\t\t\tAgentic Enterprise\t\t\t<\/option>\n\t\t\t\t\t<option value=\"agents\">\n\t\t\t\tAgents IA\t\t\t<\/option>\n\t\t\t\t\t<option value=\"ai\">\n\t\t\t\tAI\t\t\t<\/option>\n\t\t\t\t\t<option value=\"analytics\">\n\t\t\t\tAnalytique\t\t\t<\/option>\n\t\t\t\t\t<option value=\"artificial-intelligence\">\n\t\t\t\tArtificial Intelligence\t\t\t<\/option>\n\t\t\t\t\t<option value=\"automation\">\n\t\t\t\tAutomatisation\t\t\t<\/option>\n\t\t\t\t\t<option value=\"automotive\">\n\t\t\t\tAutomobile\t\t\t<\/option>\n\t\t\t\t\t<option value=\"customer-360\">\n\t\t\t\tClient 360\t\t\t<\/option>\n\t\t\t\t\t<option value=\"commerce\">\n\t\t\t\tCommerce\t\t\t<\/option>\n\t\t\t\t\t<option value=\"customer-engagement-2\">\n\t\t\t\tCustomer Engagement\t\t\t<\/option>\n\t\t\t\t\t<option value=\"customer-service-and-support\">\n\t\t\t\tCustomer Service and Support\t\t\t<\/option>\n\t\t\t\t\t<option value=\"customer-success\">\n\t\t\t\tCustomer Success\t\t\t<\/option>\n\t\t\t\t\t<option value=\"data\">\n\t\t\t\tData\t\t\t<\/option>\n\t\t\t\t\t<option value=\"sustainability\">\n\t\t\t\tD&eacute;veloppement durable\t\t\t<\/option>\n\t\t\t\t\t<option value=\"digital-transformation\">\n\t\t\t\tDigital Transformation\t\t\t<\/option>\n\t\t\t\t\t<option value=\"dreamforce\">\n\t\t\t\tDreamforce\t\t\t<\/option>\n\t\t\t\t\t<option value=\"equality\">\n\t\t\t\t&Eacute;galit&eacute;\t\t\t<\/option>\n\t\t\t\t\t<option value=\"customer-engagement\">\n\t\t\t\tEngagement client\t\t\t<\/option>\n\t\t\t\t\t<option value=\"enterprise-ai\">\n\t\t\t\tEnterprise AI\t\t\t<\/option>\n\t\t\t\t\t<option value=\"salesforce-events\">\n\t\t\t\t&Eacute;v&eacute;nements Salesforce\t\t\t<\/option>\n\t\t\t\t\t<option value=\"mergers-and-acquisitions\">\n\t\t\t\tFusions et acquisitions\t\t\t<\/option>\n\t\t\t\t\t<option value=\"modern-work\">\n\t\t\t\tFuture of Work\t\t\t<\/option>\n\t\t\t\t\t<option value=\"innovation\">\n\t\t\t\tInnovation\t\t\t<\/option>\n\t\t\t\t\t<option value=\"stakeholder-capitalism\">\n\t\t\t\tLe capitalisme des parties prenantes\t\t\t<\/option>\n\t\t\t\t\t<option value=\"marketing\">\n\t\t\t\tMarketing\t\t\t<\/option>\n\t\t\t\t\t<option value=\"modern-work-2\">\n\t\t\t\tModern Work\t\t\t<\/option>\n\t\t\t\t\t<option value=\"salesforce-partners\">\n\t\t\t\tPartenaires Salesforce\t\t\t<\/option>\n\t\t\t\t\t<option value=\"philanthropy\">\n\t\t\t\tPhilanthropie\t\t\t<\/option>\n\t\t\t\t\t<option value=\"small-business\">\n\t\t\t\tPME\t\t\t<\/option>\n\t\t\t\t\t<option value=\"awards-and-recognition\">\n\t\t\t\tPrix &#8203;&#8203;&#8203;&#8203;et distinctions\t\t\t<\/option>\n\t\t\t\t\t<option value=\"earnings\">\n\t\t\t\tR&eacute;sultats financiers\t\t\t<\/option>\n\t\t\t\t\t<option value=\"sales\">\n\t\t\t\tSales\t\t\t<\/option>\n\t\t\t\t\t<option value=\"salesforce-events-2\">\n\t\t\t\tSalesforce Events\t\t\t<\/option>\n\t\t\t\t\t<option value=\"salesforce-partners-2\">\n\t\t\t\tSalesforce Partners\t\t\t<\/option>\n\t\t\t\t\t<option value=\"ventures\">\n\t\t\t\tSalesforce Ventures\t\t\t<\/option>\n\t\t\t\t\t<option value=\"health-and-safety\">\n\t\t\t\tSant&eacute; et s&eacute;curit&eacute;\t\t\t<\/option>\n\t\t\t\t\t<option value=\"technology\">\n\t\t\t\tTechnologie\t\t\t<\/option>\n\t\t\t\t\t<option value=\"technology-ethics\">\n\t\t\t\tTechnology Ethics\t\t\t<\/option>\n\t\t\t\t\t<option value=\"trailblazerdx\">\n\t\t\t\tTrailblazerDX\t\t\t<\/option>\n\t\t\t\t\t<option value=\"trust\">\n\t\t\t\tTrust\t\t\t<\/option>\n\t\t\t<\/select>\n<\/div>\n\t\t\t<\/div>\n\t\t<\/div>\n\n\t\t\t\t\t\t\t\t\t<div class=\"search-filter__field\">\n\t\t\t\t\t<div class=\"select-wrapper\">\n\t\t\t\t\t\t<label for=\"filter-content-type\" class=\"screen-reader-text\">Filtrer par type de contenu<\/label>\n\t\t\t\t\t\t<div class=\"select-wrapper\">\n\t<label for=\"filters-sf_content_type\" class=\"screen-reader-text\">\n\t\tType de contenu\t<\/label>\n\t<select name=\"content-type\" id=\"filters-sf_content_type\" class=\"newsroom-taxonomy-dropdown\">\n\t\t<option value=\"\">Tous les Types de contenu<\/option>\n\t\t\t\t\t<option value=\"news\">\n\t\t\t\tActualit&eacute;s\t\t\t<\/option>\n\t\t\t\t\t<option value=\"stories\">\n\t\t\t\tHistoires\t\t\t<\/option>\n\t\t\t\t\t<option value=\"news-announcements-product-2\">\n\t\t\t\tNews Announcements: Product\t\t\t<\/option>\n\t\t\t\t\t<option value=\"press-releases-product-2\">\n\t\t\t\tPress Releases: Product\t\t\t<\/option>\n\t\t\t\t\t<option value=\"snapshots-2\">\n\t\t\t\tSnapshots\t\t\t<\/option>\n\t\t\t<\/select>\n<\/div>\n\t\t\t\t\t<\/div>\n\t\t\t\t<\/div>\n\t\t\t\n\t\t\t\n\t\t\t<div class=\"search-filter__field\">\n\t\t\t\t<div class=\"select-wrapper\">\n\t\t\t\t\t<label for=\"filter-industry\" class=\"screen-reader-text\">Filtrer par secteur d&rsquo;activit&eacute;<\/label>\n\t\t\t\t\t<div class=\"select-wrapper\">\n\t<label for=\"filters-sf_industry\" class=\"screen-reader-text\">\n\t\tSecteur d&rsquo;activit&eacute;\t<\/label>\n\t<select name=\"industry\" id=\"filters-sf_industry\" class=\"newsroom-taxonomy-dropdown\">\n\t\t<option value=\"\">Tous les Secteurs d&rsquo;activit&eacute;<\/option>\n\t\t\t\t\t<option value=\"automotive\">\n\t\t\t\tAutomobile\t\t\t<\/option>\n\t\t\t\t\t<option value=\"automotive-2\">\n\t\t\t\tAutomotive\t\t\t<\/option>\n\t\t\t\t\t<option value=\"education\">\n\t\t\t\t&Eacute;ducation\t\t\t<\/option>\n\t\t\t\t\t<option value=\"financial-services-2\">\n\t\t\t\tFinancial Services\t\t\t<\/option>\n\t\t\t\t\t<option value=\"retail-2\">\n\t\t\t\tRetail\t\t\t<\/option>\n\t\t\t\t\t<option value=\"retail\">\n\t\t\t\tRetail\t\t\t<\/option>\n\t\t\t\t\t<option value=\"financial-services\">\n\t\t\t\tServices financiers\t\t\t<\/option>\n\t\t\t<\/select>\n<\/div>\n\t\t\t\t<\/div>\n\t\t\t<\/div>\n\n\t\t\t\t\t\t\t<div class=\"search-filter__field\">\n\t\t\t\t\t<div class=\"select-wrapper\">\n\t\t\t\t\t\t<label for=\"filter-product\" class=\"screen-reader-text\">Filtrer par produit<\/label>\n\t\t\t\t\t\t<div class=\"select-wrapper\">\n\t<label for=\"filters-sf_product\" class=\"screen-reader-text\">\n\t\tProduit\t<\/label>\n\t<select name=\"product\" id=\"filters-sf_product\" class=\"newsroom-taxonomy-dropdown\">\n\t\t<option value=\"\">Tous les Produits<\/option>\n\t\t\t\t\t<option value=\"agentforce\">\n\t\t\t\tAgentforce\t\t\t<\/option>\n\t\t\t\t\t<option value=\"commerce-cloud\">\n\t\t\t\tAgentforce Commerce\t\t\t<\/option>\n\t\t\t\t\t<option value=\"marketing-cloud\">\n\t\t\t\tAgentforce Marketing\t\t\t<\/option>\n\t\t\t\t\t<option value=\"service-cloud\">\n\t\t\t\tAgentforce Service\t\t\t<\/option>\n\t\t\t\t\t<option value=\"appexchange\">\n\t\t\t\tAppExchange\t\t\t<\/option>\n\t\t\t\t\t<option value=\"chatter\">\n\t\t\t\tChatter\t\t\t<\/option>\n\t\t\t\t\t<option value=\"tableau-crm\">\n\t\t\t\tCRM Analytics\t\t\t<\/option>\n\t\t\t\t\t<option value=\"customer-360\">\n\t\t\t\tCustomer 360\t\t\t<\/option>\n\t\t\t\t\t<option value=\"data-cloud\">\n\t\t\t\tData 360\t\t\t<\/option>\n\t\t\t\t\t<option value=\"einstein\">\n\t\t\t\tEinstein 1 Platform\t\t\t<\/option>\n\t\t\t\t\t<option value=\"einstein-ai\">\n\t\t\t\tEinstein AI\t\t\t<\/option>\n\t\t\t\t\t<option value=\"copilot\">\n\t\t\t\tEinstein Copilot\t\t\t<\/option>\n\t\t\t\t\t<option value=\"heroku\">\n\t\t\t\tHeroku\t\t\t<\/option>\n\t\t\t\t\t<option value=\"industry-solutions\">\n\t\t\t\tIndustry Solutions\t\t\t<\/option>\n\t\t\t\t\t<option value=\"mulesoft\">\n\t\t\t\tMuleSoft\t\t\t<\/option>\n\t\t\t\t\t<option value=\"sales-cloud\">\n\t\t\t\tSales Cloud\t\t\t<\/option>\n\t\t\t\t\t<option value=\"salesforce-platform\">\n\t\t\t\tSalesforce Platform\t\t\t<\/option>\n\t\t\t\t\t<option value=\"slack\">\n\t\t\t\tSlack\t\t\t<\/option>\n\t\t\t\t\t<option value=\"tableau\">\n\t\t\t\tTableau\t\t\t<\/option>\n\t\t\t\t\t<option value=\"trailhead\">\n\t\t\t\tTrailhead\t\t\t<\/option>\n\t\t\t\t\t<option value=\"web-3\">\n\t\t\t\tWeb 3\t\t\t<\/option>\n\t\t\t\t\t<option value=\"work-com\">\n\t\t\t\tWork.com\t\t\t<\/option>\n\t\t\t<\/select>\n<\/div>\n\t\t\t\t\t<\/div>\n\t\t\t\t<\/div>\n\t\t\t\t\t\n\t\t<a href=\"https:\/\/www.salesforce.com\/fr\/news\/news-explorer\/\" class=\"search-filter__clear\" data-action=\"reset-filters\">Effacer les filtres<\/a>\n\t<\/form>\n<\/div>\n<\/div><\/header>\n\t<\/div>\n\t","protected":false},"excerpt":{"rendered":"<p>D\u00e9couvrez les actualit\u00e9s et la presse de Salesforce Parcourez toutes les actualit\u00e9s, recherches, informations et histoires sur la salle de presse Salesforce.<\/p>\n","protected":false},"author":467,"featured_media":0,"parent":0,"menu_order":0,"comment_status":"closed","ping_status":"closed","template":"templates\/page-news-explorer.php","meta":{"sf_subhead":"","sf_i18n_disclaimer":false,"footnotes":""},"sf_topic":[],"coauthors":[370],"class_list":["post-1475","page","type-page","status-publish","hentry"],"yoast_head":"<!-- This site is optimized with the Yoast SEO Premium plugin v27.2 (Yoast SEO v27.2) - https:\/\/yoast.com\/product\/yoast-seo-premium-wordpress\/ -->\n<title>Explorateur de nouvelles - Salesforce<\/title>\n<meta name=\"robots\" content=\"noindex, follow, max-snippet:-1, max-image-preview:large, max-video-preview:-1\" \/>\n<meta property=\"og:locale\" content=\"fr_FR\" \/>\n<meta property=\"og:type\" content=\"article\" \/>\n<meta property=\"og:title\" content=\"Explorateur de nouvelles\" \/>\n<meta property=\"og:description\" content=\"D\u00e9couvrez les actualit\u00e9s et la presse de Salesforce Parcourez toutes les actualit\u00e9s, recherches, informations et histoires sur la salle de presse Salesforce.\" \/>\n<meta property=\"og:url\" content=\"https:\/\/www.salesforce.com\/fr\/news\/news-explorer\/\" \/>\n<meta property=\"og:site_name\" content=\"Salesforce\" \/>\n<meta property=\"article:modified_time\" content=\"2025-01-02T16:15:22+00:00\" \/>\n<meta name=\"twitter:card\" content=\"summary_large_image\" \/>\n<meta name=\"twitter:label1\" content=\"Dur\u00e9e de lecture estim\u00e9e\" \/>\n\t<meta name=\"twitter:data1\" content=\"1 minute\" \/>\n\t<meta name=\"twitter:label2\" content=\"Written by\" \/>\n\t<meta name=\"twitter:data2\" content=\"Salesforce Newsroom\" \/>\n<script type=\"application\/ld+json\" class=\"yoast-schema-graph\">{\"@context\":\"https:\/\/schema.org\",\"@graph\":[{\"@type\":\"WebPage\",\"@id\":\"https:\/\/www.salesforce.com\/fr\/news\/news-explorer\/\",\"url\":\"https:\/\/www.salesforce.com\/fr\/news\/news-explorer\/\",\"name\":\"Explorateur de nouvelles - Salesforce\",\"isPartOf\":{\"@id\":\"https:\/\/www.salesforce.com\/fr\/news\/#website\"},\"datePublished\":\"2024-12-17T14:03:24+00:00\",\"dateModified\":\"2025-01-02T16:15:22+00:00\",\"breadcrumb\":{\"@id\":\"https:\/\/www.salesforce.com\/fr\/news\/news-explorer\/#breadcrumb\"},\"inLanguage\":\"fr-FR\",\"potentialAction\":[{\"@type\":\"ReadAction\",\"target\":[\"https:\/\/www.salesforce.com\/fr\/news\/news-explorer\/\"]}]},{\"@type\":\"BreadcrumbList\",\"@id\":\"https:\/\/www.salesforce.com\/fr\/news\/news-explorer\/#breadcrumb\",\"itemListElement\":[{\"@type\":\"ListItem\",\"position\":1,\"name\":\"Home\",\"item\":\"https:\/\/www.salesforce.com\/fr\/news\/\"},{\"@type\":\"ListItem\",\"position\":2,\"name\":\"Explorateur de nouvelles\"}]},{\"@type\":\"WebSite\",\"@id\":\"https:\/\/www.salesforce.com\/fr\/news\/#website\",\"url\":\"https:\/\/www.salesforce.com\/fr\/news\/\",\"name\":\"Salesforce\",\"description\":\"\",\"potentialAction\":[{\"@type\":\"SearchAction\",\"target\":{\"@type\":\"EntryPoint\",\"urlTemplate\":\"https:\/\/www.salesforce.com\/fr\/news\/?s={search_term_string}\"},\"query-input\":{\"@type\":\"PropertyValueSpecification\",\"valueRequired\":true,\"valueName\":\"search_term_string\"}}],\"inLanguage\":\"fr-FR\"}]}<\/script>\n<!-- \/ Yoast SEO Premium plugin. -->","yoast_head_json":{"title":"Explorateur de nouvelles - Salesforce","robots":{"index":"noindex","follow":"follow","max-snippet":"max-snippet:-1","max-image-preview":"max-image-preview:large","max-video-preview":"max-video-preview:-1"},"og_locale":"fr_FR","og_type":"article","og_title":"Explorateur de nouvelles","og_description":"D\u00e9couvrez les actualit\u00e9s et la presse de Salesforce Parcourez toutes les actualit\u00e9s, recherches, informations et histoires sur la salle de presse Salesforce.","og_url":"https:\/\/www.salesforce.com\/fr\/news\/news-explorer\/","og_site_name":"Salesforce","article_modified_time":"2025-01-02T16:15:22+00:00","twitter_card":"summary_large_image","twitter_misc":{"Dur\u00e9e de lecture estim\u00e9e":"1 minute","Written by":"Salesforce Newsroom"},"schema":{"@context":"https:\/\/schema.org","@graph":[{"@type":"WebPage","@id":"https:\/\/www.salesforce.com\/fr\/news\/news-explorer\/","url":"https:\/\/www.salesforce.com\/fr\/news\/news-explorer\/","name":"Explorateur de nouvelles - Salesforce","isPartOf":{"@id":"https:\/\/www.salesforce.com\/fr\/news\/#website"},"datePublished":"2024-12-17T14:03:24+00:00","dateModified":"2025-01-02T16:15:22+00:00","breadcrumb":{"@id":"https:\/\/www.salesforce.com\/fr\/news\/news-explorer\/#breadcrumb"},"inLanguage":"fr-FR","potentialAction":[{"@type":"ReadAction","target":["https:\/\/www.salesforce.com\/fr\/news\/news-explorer\/"]}]},{"@type":"BreadcrumbList","@id":"https:\/\/www.salesforce.com\/fr\/news\/news-explorer\/#breadcrumb","itemListElement":[{"@type":"ListItem","position":1,"name":"Home","item":"https:\/\/www.salesforce.com\/fr\/news\/"},{"@type":"ListItem","position":2,"name":"Explorateur de nouvelles"}]},{"@type":"WebSite","@id":"https:\/\/www.salesforce.com\/fr\/news\/#website","url":"https:\/\/www.salesforce.com\/fr\/news\/","name":"Salesforce","description":"","potentialAction":[{"@type":"SearchAction","target":{"@type":"EntryPoint","urlTemplate":"https:\/\/www.salesforce.com\/fr\/news\/?s={search_term_string}"},"query-input":{"@type":"PropertyValueSpecification","valueRequired":true,"valueName":"search_term_string"}}],"inLanguage":"fr-FR"}]}},"jetpack_sharing_enabled":true,"distributor_meta":false,"distributor_terms":false,"distributor_media":false,"distributor_original_site_name":"Salesforce","distributor_original_site_url":"https:\/\/www.salesforce.com\/fr\/news","push-errors":false,"_links":{"self":[{"href":"https:\/\/www.salesforce.com\/fr\/news\/wp-json\/wp\/v2\/pages\/1475","targetHints":{"allow":["GET"]}}],"collection":[{"href":"https:\/\/www.salesforce.com\/fr\/news\/wp-json\/wp\/v2\/pages"}],"about":[{"href":"https:\/\/www.salesforce.com\/fr\/news\/wp-json\/wp\/v2\/types\/page"}],"author":[{"embeddable":true,"href":"https:\/\/www.salesforce.com\/fr\/news\/wp-json\/wp\/v2\/users\/467"}],"replies":[{"embeddable":true,"href":"https:\/\/www.salesforce.com\/fr\/news\/wp-json\/wp\/v2\/comments?post=1475"}],"version-history":[{"count":2,"href":"https:\/\/www.salesforce.com\/fr\/news\/wp-json\/wp\/v2\/pages\/1475\/revisions"}],"predecessor-version":[{"id":3181,"href":"https:\/\/www.salesforce.com\/fr\/news\/wp-json\/wp\/v2\/pages\/1475\/revisions\/3181"}],"wp:attachment":[{"href":"https:\/\/www.salesforce.com\/fr\/news\/wp-json\/wp\/v2\/media?parent=1475"}],"wp:term":[{"taxonomy":"sf_topic","embeddable":true,"href":"https:\/\/www.salesforce.com\/fr\/news\/wp-json\/wp\/v2\/sf_topic?post=1475"},{"taxonomy":"author","embeddable":true,"href":"https:\/\/www.salesforce.com\/fr\/news\/wp-json\/wp\/v2\/coauthors?post=1475"}],"curies":[{"name":"wp","href":"https:\/\/api.w.org\/{rel}","templated":true}]}}